{"id":247,"date":"2025-07-22T15:52:26","date_gmt":"2025-07-22T15:52:26","guid":{"rendered":"http:\/\/www.viladecavallscentre.com\/?page_id=247"},"modified":"2025-07-29T07:42:58","modified_gmt":"2025-07-29T07:42:58","slug":"politica-de-cookies","status":"publish","type":"page","link":"https:\/\/www.viladecavallscentre.com\/es\/politica-de-cookies\/","title":{"rendered":"Pol\u00edtica de Cookies"},"content":{"rendered":"<div data-elementor-type=\"wp-page\" data-elementor-id=\"247\" class=\"elementor elementor-247\" data-elementor-post-type=\"page\">\n\t\t\t\t<div class=\"elementor-element elementor-element-b81c95a e-flex e-con-boxed e-con e-parent\" data-id=\"b81c95a\" data-element_type=\"container\">\n\t\t\t\t\t<div class=\"e-con-inner\">\n\t\t\t\t<div class=\"elementor-element elementor-element-2f44f97 elementor-widget elementor-widget-image\" data-id=\"2f44f97\" data-element_type=\"widget\" data-widget_type=\"image.default\">\n\t\t\t\t\t\t\t\t\t\t\t\t\t\t\t<img fetchpriority=\"high\" decoding=\"async\" width=\"400\" height=\"200\" src=\"https:\/\/www.viladecavallscentre.com\/wp-content\/uploads\/2025\/07\/logo_viladevalls_centre_copia-removebg-preview.png\" class=\"attachment-large size-large wp-image-370\" alt=\"\" srcset=\"https:\/\/www.viladecavallscentre.com\/wp-content\/uploads\/2025\/07\/logo_viladevalls_centre_copia-removebg-preview.png 400w, https:\/\/www.viladecavallscentre.com\/wp-content\/uploads\/2025\/07\/logo_viladevalls_centre_copia-removebg-preview-300x150.png 300w, https:\/\/www.viladecavallscentre.com\/wp-content\/uploads\/2025\/07\/logo_viladevalls_centre_copia-removebg-preview-18x9.png 18w\" sizes=\"(max-width: 400px) 100vw, 400px\" \/>\t\t\t\t\t\t\t\t\t\t\t\t\t\t\t<\/div>\n\t\t\t\t\t<\/div>\n\t\t\t\t<\/div>\n\t\t<div class=\"elementor-element elementor-element-e9ae395 e-flex e-con-boxed e-con e-parent\" data-id=\"e9ae395\" data-element_type=\"container\" data-settings=\"{&quot;background_background&quot;:&quot;classic&quot;}\">\n\t\t\t\t\t<div class=\"e-con-inner\">\n\t\t\t\t<div class=\"elementor-element elementor-element-79a32da elementor-widget elementor-widget-heading\" data-id=\"79a32da\" data-element_type=\"widget\" data-widget_type=\"heading.default\">\n\t\t\t\t\t<h2 class=\"elementor-heading-title elementor-size-default\">Pol\u00edtica de Cookies<\/h2>\t\t\t\t<\/div>\n\t\t\t\t\t<\/div>\n\t\t\t\t<\/div>\n\t\t<div class=\"elementor-element elementor-element-21eaf9c e-flex e-con-boxed e-con e-parent\" data-id=\"21eaf9c\" data-element_type=\"container\">\n\t\t\t\t\t<div class=\"e-con-inner\">\n\t\t\t\t<div class=\"elementor-element elementor-element-2e509d4 elementor-widget elementor-widget-text-editor\" data-id=\"2e509d4\" data-element_type=\"widget\" data-widget_type=\"text-editor.default\">\n\t\t\t\t\t\t\t\t\t<h3 data-start=\"390\" data-end=\"414\">Qu\u00e8 s\u00f3n les cookies?<\/h3><p data-start=\"416\" data-end=\"720\">Les cookies s\u00f3n petits fitxers de dades que es descarreguen al teu dispositiu (ordinador, tauleta, smartphone\u2026) quan visites determinades p\u00e0gines web. Permeten emmagatzemar i recuperar informaci\u00f3 sobre la navegaci\u00f3 d\u2019un usuari i, segons com s\u2019utilitzin, poden recon\u00e8ixer-lo i millorar l\u2019experi\u00e8ncia d\u2019\u00fas.<\/p><h3 data-start=\"722\" data-end=\"742\">Tipus de cookies<\/h3><ul data-start=\"744\" data-end=\"1336\"><li data-start=\"744\" data-end=\"880\"><p data-start=\"746\" data-end=\"880\"><strong data-start=\"746\" data-end=\"768\">Cookies t\u00e8cniques:<\/strong> Necess\u00e0ries per al funcionament correcte del lloc web i per permetre la navegaci\u00f3 i l\u2019\u00fas dels serveis oferts.<\/p><\/li><li data-start=\"881\" data-end=\"1066\"><p data-start=\"883\" data-end=\"1066\"><strong data-start=\"883\" data-end=\"929\">Cookies de prefer\u00e8ncies o personalitzaci\u00f3:<\/strong> Permeten recordar informaci\u00f3 perqu\u00e8 l\u2019usuari accedeixi al servei amb determinades caracter\u00edstiques (idioma, tipus de navegador, etc.).<\/p><\/li><li data-start=\"1067\" data-end=\"1187\"><p data-start=\"1069\" data-end=\"1187\"><strong data-start=\"1069\" data-end=\"1091\">Cookies d\u2019an\u00e0lisi:<\/strong> Permeten el seguiment i l\u2019an\u00e0lisi del comportament dels usuaris amb finalitats estad\u00edstiques.<\/p><\/li><li data-start=\"1188\" data-end=\"1336\"><p data-start=\"1190\" data-end=\"1336\"><strong data-start=\"1190\" data-end=\"1231\">Cookies de publicitat comportamental:<\/strong> Emmagatzemen informaci\u00f3 sobre els h\u00e0bits de navegaci\u00f3 de l\u2019usuari per mostrar publicitat personalitzada.<\/p><\/li><\/ul><h3 data-start=\"1338\" data-end=\"1380\">Cookies utilitzades en aquest lloc web<\/h3><p data-start=\"1382\" data-end=\"1653\">Aquest lloc web utilitza <strong data-start=\"1407\" data-end=\"1439\">cookies pr\u00f2pies i de tercers<\/strong> per a finalitats t\u00e8cniques i, si escau, anal\u00edtiques. En accedir per primera vegada al lloc web, t\u2019informem mitjan\u00e7ant un banner i pots acceptar, rebutjar o configurar l\u2019\u00fas de cookies segons les teves prefer\u00e8ncies.<\/p><h3 data-start=\"2291\" data-end=\"2312\">Gesti\u00f3 de cookies<\/h3><p data-start=\"2314\" data-end=\"2621\">L\u2019usuari pot configurar el seu navegador per acceptar o rebutjar per defecte totes les cookies o per rebre un av\u00eds en pantalla cada vegada que es vulgui instal\u00b7lar una cookie, i decidir en aquell moment si l\u2019accepta o no. A continuaci\u00f3 tens els enlla\u00e7os per configurar les cookies als navegadors m\u00e9s comuns:<\/p><ul data-start=\"2623\" data-end=\"2960\"><li data-start=\"2623\" data-end=\"2696\"><p data-start=\"2625\" data-end=\"2696\"><a class=\"cursor-pointer\" target=\"_new\" rel=\"noopener\" data-start=\"2625\" data-end=\"2694\">Google Chrome<\/a><\/p><\/li><li data-start=\"2697\" data-end=\"2786\"><p data-start=\"2699\" data-end=\"2786\"><a class=\"cursor-pointer\" target=\"_new\" rel=\"noopener\" data-start=\"2699\" data-end=\"2784\">Mozilla Firefox<\/a><\/p><\/li><li data-start=\"2787\" data-end=\"2859\"><p data-start=\"2789\" data-end=\"2859\"><a class=\"cursor-pointer\" target=\"_new\" rel=\"noopener\" data-start=\"2789\" data-end=\"2857\">Safari<\/a><\/p><\/li><li data-start=\"2860\" data-end=\"2960\"><p data-start=\"2862\" data-end=\"2960\"><a class=\"cursor-pointer\" target=\"_new\" rel=\"noopener\" data-start=\"2862\" data-end=\"2958\">Microsoft Edge<\/a><\/p><\/li><\/ul><p data-start=\"2962\" data-end=\"3070\">Tingues en compte que el bloqueig de determinades cookies pot afectar el correcte funcionament del lloc web.<\/p><h3 data-start=\"3072\" data-end=\"3113\">Modificaci\u00f3 de la pol\u00edtica de cookies<\/h3><p data-start=\"3115\" data-end=\"3285\">Viladecavalls Centre es reserva el dret de modificar aquesta pol\u00edtica de cookies per adaptar-la a novetats legislatives o t\u00e8cniques. Es recomana revisar-la peri\u00f2dicament.<\/p>\t\t\t\t\t\t\t\t<\/div>\n\t\t\t\t\t<\/div>\n\t\t\t\t<\/div>\n\t\t\t\t<\/div>","protected":false},"excerpt":{"rendered":"<p>Pol\u00edtica de Cookies Qu\u00e8 s\u00f3n les cookies? Les cookies s\u00f3n petits fitxers de dades que es descarreguen al teu dispositiu (ordinador, tauleta, smartphone\u2026) quan visites determinades p\u00e0gines web. Permeten emmagatzemar i recuperar informaci\u00f3 sobre la navegaci\u00f3 d\u2019un usuari i, segons com s\u2019utilitzin, poden recon\u00e8ixer-lo i millorar l\u2019experi\u00e8ncia d\u2019\u00fas. Tipus de cookies Cookies t\u00e8cniques: Necess\u00e0ries per [&hellip;]<\/p>","protected":false},"author":1,"featured_media":0,"parent":0,"menu_order":0,"comment_status":"closed","ping_status":"closed","template":"elementor_header_footer","meta":{"footnotes":""},"class_list":["post-247","page","type-page","status-publish","hentry"],"_links":{"self":[{"href":"https:\/\/www.viladecavallscentre.com\/es\/wp-json\/wp\/v2\/pages\/247","targetHints":{"allow":["GET"]}}],"collection":[{"href":"https:\/\/www.viladecavallscentre.com\/es\/wp-json\/wp\/v2\/pages"}],"about":[{"href":"https:\/\/www.viladecavallscentre.com\/es\/wp-json\/wp\/v2\/types\/page"}],"author":[{"embeddable":true,"href":"https:\/\/www.viladecavallscentre.com\/es\/wp-json\/wp\/v2\/users\/1"}],"replies":[{"embeddable":true,"href":"https:\/\/www.viladecavallscentre.com\/es\/wp-json\/wp\/v2\/comments?post=247"}],"version-history":[{"count":0,"href":"https:\/\/www.viladecavallscentre.com\/es\/wp-json\/wp\/v2\/pages\/247\/revisions"}],"wp:attachment":[{"href":"https:\/\/www.viladecavallscentre.com\/es\/wp-json\/wp\/v2\/media?parent=247"}],"curies":[{"name":"wp","href":"https:\/\/api.w.org\/{rel}","templated":true}]}}